{"id":3958,"date":"2025-02-24T15:01:22","date_gmt":"2025-02-24T14:01:22","guid":{"rendered":"https:\/\/vandijk-staircasesolutions.com\/a-propos-de-nous\/over-van-dijk\/"},"modified":"2025-03-21T14:23:30","modified_gmt":"2025-03-21T13:23:30","slug":"a-propos-de-van-dijk","status":"publish","type":"page","link":"https:\/\/vandijk-staircasesolutions.com\/fr\/a-propos-de-nous\/a-propos-de-van-dijk\/","title":{"rendered":"\u00c0 propos de Van Dijk"},"content":{"rendered":"","protected":false},"excerpt":{"rendered":"","protected":false},"author":3,"featured_media":0,"parent":1455,"menu_order":0,"comment_status":"closed","ping_status":"closed","template":"","meta":{"_acf_changed":false,"footnotes":""},"class_list":["post-3958","page","type-page","status-publish"],"acf":[],"yoast_head":"<!-- This site is optimized with the Yoast SEO plugin v27.5 - https:\/\/yoast.com\/product\/yoast-seo-wordpress\/ -->\n<title>\u00c0 propos de Van Dijk - Van Dijk<\/title>\n<meta name=\"description\" content=\"Leader international du march\u00e9 de la r\u00e9novation d&#039;escaliers, avec des racines d&#039;entreprise familiale et une forte concentration sur l&#039;assurance qualit\u00e9 en interne.\" \/>\n<meta name=\"robots\" content=\"index, follow, max-snippet:-1, max-image-preview:large, max-video-preview:-1\" \/>\n<link rel=\"canonical\" href=\"https:\/\/vandijk-staircasesolutions.com\/fr\/a-propos-de-nous\/a-propos-de-van-dijk\/\" \/>\n<meta property=\"og:locale\" content=\"fr_FR\" \/>\n<meta property=\"og:type\" content=\"article\" \/>\n<meta property=\"og:title\" content=\"\u00c0 propos de Van Dijk - Van Dijk\" \/>\n<meta property=\"og:description\" content=\"Leader international du march\u00e9 de la r\u00e9novation d&#039;escaliers, avec des racines d&#039;entreprise familiale et une forte concentration sur l&#039;assurance qualit\u00e9 en interne.\" \/>\n<meta property=\"og:url\" content=\"https:\/\/vandijk-staircasesolutions.com\/fr\/a-propos-de-nous\/a-propos-de-van-dijk\/\" \/>\n<meta property=\"og:site_name\" content=\"Van Dijk\" \/>\n<meta property=\"article:modified_time\" content=\"2025-03-21T13:23:30+00:00\" \/>\n<meta name=\"twitter:card\" content=\"summary_large_image\" \/>\n<script type=\"application\/ld+json\" class=\"yoast-schema-graph\">{\"@context\":\"https:\\\/\\\/schema.org\",\"@graph\":[{\"@type\":\"WebPage\",\"@id\":\"https:\\\/\\\/vandijk-staircasesolutions.com\\\/fr\\\/a-propos-de-nous\\\/a-propos-de-van-dijk\\\/\",\"url\":\"https:\\\/\\\/vandijk-staircasesolutions.com\\\/fr\\\/a-propos-de-nous\\\/a-propos-de-van-dijk\\\/\",\"name\":\"\u00c0 propos de Van Dijk - Van Dijk\",\"isPartOf\":{\"@id\":\"https:\\\/\\\/vandijk-staircasesolutions.com\\\/fr\\\/#website\"},\"datePublished\":\"2025-02-24T14:01:22+00:00\",\"dateModified\":\"2025-03-21T13:23:30+00:00\",\"description\":\"Leader international du march\u00e9 de la r\u00e9novation d'escaliers, avec des racines d'entreprise familiale et une forte concentration sur l'assurance qualit\u00e9 en interne.\",\"breadcrumb\":{\"@id\":\"https:\\\/\\\/vandijk-staircasesolutions.com\\\/fr\\\/a-propos-de-nous\\\/a-propos-de-van-dijk\\\/#breadcrumb\"},\"inLanguage\":\"fr-FR\",\"potentialAction\":[{\"@type\":\"ReadAction\",\"target\":[\"https:\\\/\\\/vandijk-staircasesolutions.com\\\/fr\\\/a-propos-de-nous\\\/a-propos-de-van-dijk\\\/\"]}]},{\"@type\":\"BreadcrumbList\",\"@id\":\"https:\\\/\\\/vandijk-staircasesolutions.com\\\/fr\\\/a-propos-de-nous\\\/a-propos-de-van-dijk\\\/#breadcrumb\",\"itemListElement\":[{\"@type\":\"ListItem\",\"position\":1,\"name\":\"Home\",\"item\":\"https:\\\/\\\/vandijk-staircasesolutions.com\\\/fr\\\/\"},{\"@type\":\"ListItem\",\"position\":2,\"name\":\"\u00e0 propos de nous\",\"item\":\"https:\\\/\\\/vandijk-staircasesolutions.com\\\/fr\\\/a-propos-de-nous\\\/\"},{\"@type\":\"ListItem\",\"position\":3,\"name\":\"\u00c0 propos de Van Dijk\"}]},{\"@type\":\"WebSite\",\"@id\":\"https:\\\/\\\/vandijk-staircasesolutions.com\\\/fr\\\/#website\",\"url\":\"https:\\\/\\\/vandijk-staircasesolutions.com\\\/fr\\\/\",\"name\":\"Van Dijk\",\"description\":\"Staircase Solutions\",\"potentialAction\":[{\"@type\":\"SearchAction\",\"target\":{\"@type\":\"EntryPoint\",\"urlTemplate\":\"https:\\\/\\\/vandijk-staircasesolutions.com\\\/fr\\\/?s={search_term_string}\"},\"query-input\":{\"@type\":\"PropertyValueSpecification\",\"valueRequired\":true,\"valueName\":\"search_term_string\"}}],\"inLanguage\":\"fr-FR\"}]}<\/script>\n<!-- \/ Yoast SEO plugin. -->","yoast_head_json":{"title":"\u00c0 propos de Van Dijk - Van Dijk","description":"Leader international du march\u00e9 de la r\u00e9novation d'escaliers, avec des racines d'entreprise familiale et une forte concentration sur l'assurance qualit\u00e9 en interne.","robots":{"index":"index","follow":"follow","max-snippet":"max-snippet:-1","max-image-preview":"max-image-preview:large","max-video-preview":"max-video-preview:-1"},"canonical":"https:\/\/vandijk-staircasesolutions.com\/fr\/a-propos-de-nous\/a-propos-de-van-dijk\/","og_locale":"fr_FR","og_type":"article","og_title":"\u00c0 propos de Van Dijk - Van Dijk","og_description":"Leader international du march\u00e9 de la r\u00e9novation d'escaliers, avec des racines d'entreprise familiale et une forte concentration sur l'assurance qualit\u00e9 en interne.","og_url":"https:\/\/vandijk-staircasesolutions.com\/fr\/a-propos-de-nous\/a-propos-de-van-dijk\/","og_site_name":"Van Dijk","article_modified_time":"2025-03-21T13:23:30+00:00","twitter_card":"summary_large_image","schema":{"@context":"https:\/\/schema.org","@graph":[{"@type":"WebPage","@id":"https:\/\/vandijk-staircasesolutions.com\/fr\/a-propos-de-nous\/a-propos-de-van-dijk\/","url":"https:\/\/vandijk-staircasesolutions.com\/fr\/a-propos-de-nous\/a-propos-de-van-dijk\/","name":"\u00c0 propos de Van Dijk - Van Dijk","isPartOf":{"@id":"https:\/\/vandijk-staircasesolutions.com\/fr\/#website"},"datePublished":"2025-02-24T14:01:22+00:00","dateModified":"2025-03-21T13:23:30+00:00","description":"Leader international du march\u00e9 de la r\u00e9novation d'escaliers, avec des racines d'entreprise familiale et une forte concentration sur l'assurance qualit\u00e9 en interne.","breadcrumb":{"@id":"https:\/\/vandijk-staircasesolutions.com\/fr\/a-propos-de-nous\/a-propos-de-van-dijk\/#breadcrumb"},"inLanguage":"fr-FR","potentialAction":[{"@type":"ReadAction","target":["https:\/\/vandijk-staircasesolutions.com\/fr\/a-propos-de-nous\/a-propos-de-van-dijk\/"]}]},{"@type":"BreadcrumbList","@id":"https:\/\/vandijk-staircasesolutions.com\/fr\/a-propos-de-nous\/a-propos-de-van-dijk\/#breadcrumb","itemListElement":[{"@type":"ListItem","position":1,"name":"Home","item":"https:\/\/vandijk-staircasesolutions.com\/fr\/"},{"@type":"ListItem","position":2,"name":"\u00e0 propos de nous","item":"https:\/\/vandijk-staircasesolutions.com\/fr\/a-propos-de-nous\/"},{"@type":"ListItem","position":3,"name":"\u00c0 propos de Van Dijk"}]},{"@type":"WebSite","@id":"https:\/\/vandijk-staircasesolutions.com\/fr\/#website","url":"https:\/\/vandijk-staircasesolutions.com\/fr\/","name":"Van Dijk","description":"Staircase Solutions","potentialAction":[{"@type":"SearchAction","target":{"@type":"EntryPoint","urlTemplate":"https:\/\/vandijk-staircasesolutions.com\/fr\/?s={search_term_string}"},"query-input":{"@type":"PropertyValueSpecification","valueRequired":true,"valueName":"search_term_string"}}],"inLanguage":"fr-FR"}]}},"_links":{"self":[{"href":"https:\/\/vandijk-staircasesolutions.com\/fr\/wp-json\/wp\/v2\/pages\/3958","targetHints":{"allow":["GET"]}}],"collection":[{"href":"https:\/\/vandijk-staircasesolutions.com\/fr\/wp-json\/wp\/v2\/pages"}],"about":[{"href":"https:\/\/vandijk-staircasesolutions.com\/fr\/wp-json\/wp\/v2\/types\/page"}],"author":[{"embeddable":true,"href":"https:\/\/vandijk-staircasesolutions.com\/fr\/wp-json\/wp\/v2\/users\/3"}],"replies":[{"embeddable":true,"href":"https:\/\/vandijk-staircasesolutions.com\/fr\/wp-json\/wp\/v2\/comments?post=3958"}],"version-history":[{"count":2,"href":"https:\/\/vandijk-staircasesolutions.com\/fr\/wp-json\/wp\/v2\/pages\/3958\/revisions"}],"predecessor-version":[{"id":3960,"href":"https:\/\/vandijk-staircasesolutions.com\/fr\/wp-json\/wp\/v2\/pages\/3958\/revisions\/3960"}],"up":[{"embeddable":true,"href":"https:\/\/vandijk-staircasesolutions.com\/fr\/wp-json\/wp\/v2\/pages\/1455"}],"wp:attachment":[{"href":"https:\/\/vandijk-staircasesolutions.com\/fr\/wp-json\/wp\/v2\/media?parent=3958"}],"curies":[{"name":"wp","href":"https:\/\/api.w.org\/{rel}","templated":true}]}}