{"id":3951,"date":"2025-02-24T14:56:45","date_gmt":"2025-02-24T13:56:45","guid":{"rendered":"https:\/\/vandijk-staircasesolutions.com\/notre-methode-de-travail\/steyl-montage\/"},"modified":"2025-03-21T14:15:00","modified_gmt":"2025-03-21T13:15:00","slug":"steyl-assemblee","status":"publish","type":"page","link":"https:\/\/vandijk-staircasesolutions.com\/fr\/notre-methode-de-travail\/steyl-assemblee\/","title":{"rendered":"Steyl Montage"},"content":{"rendered":"","protected":false},"excerpt":{"rendered":"","protected":false},"author":3,"featured_media":0,"parent":3943,"menu_order":0,"comment_status":"closed","ping_status":"closed","template":"","meta":{"_acf_changed":false,"footnotes":""},"class_list":["post-3951","page","type-page","status-publish"],"acf":[],"yoast_head":"<!-- This site is optimized with the Yoast SEO plugin v27.3 - https:\/\/yoast.com\/product\/yoast-seo-wordpress\/ -->\n<title>Steyl Montage - Van Dijk<\/title>\n<meta name=\"description\" content=\"Avec Steyl Montage, vous \u00eates assur\u00e9 d&#039;une installation d&#039;escalier professionnelle, sans souci et avec une qualit\u00e9 garantie.\" \/>\n<meta name=\"robots\" content=\"index, follow, max-snippet:-1, max-image-preview:large, max-video-preview:-1\" \/>\n<link rel=\"canonical\" href=\"https:\/\/vandijk-staircasesolutions.com\/fr\/notre-methode-de-travail\/steyl-assemblee\/\" \/>\n<meta property=\"og:locale\" content=\"fr_FR\" \/>\n<meta property=\"og:type\" content=\"article\" \/>\n<meta property=\"og:title\" content=\"Steyl Montage - Van Dijk\" \/>\n<meta property=\"og:description\" content=\"Avec Steyl Montage, vous \u00eates assur\u00e9 d&#039;une installation d&#039;escalier professionnelle, sans souci et avec une qualit\u00e9 garantie.\" \/>\n<meta property=\"og:url\" content=\"https:\/\/vandijk-staircasesolutions.com\/fr\/notre-methode-de-travail\/steyl-assemblee\/\" \/>\n<meta property=\"og:site_name\" content=\"Van Dijk\" \/>\n<meta property=\"article:modified_time\" content=\"2025-03-21T13:15:00+00:00\" \/>\n<meta name=\"twitter:card\" content=\"summary_large_image\" \/>\n<script type=\"application\/ld+json\" class=\"yoast-schema-graph\">{\"@context\":\"https:\\\/\\\/schema.org\",\"@graph\":[{\"@type\":\"WebPage\",\"@id\":\"https:\\\/\\\/vandijk-staircasesolutions.com\\\/fr\\\/notre-methode-de-travail\\\/steyl-assemblee\\\/\",\"url\":\"https:\\\/\\\/vandijk-staircasesolutions.com\\\/fr\\\/notre-methode-de-travail\\\/steyl-assemblee\\\/\",\"name\":\"Steyl Montage - Van Dijk\",\"isPartOf\":{\"@id\":\"https:\\\/\\\/vandijk-staircasesolutions.com\\\/fr\\\/#website\"},\"datePublished\":\"2025-02-24T13:56:45+00:00\",\"dateModified\":\"2025-03-21T13:15:00+00:00\",\"description\":\"Avec Steyl Montage, vous \u00eates assur\u00e9 d'une installation d'escalier professionnelle, sans souci et avec une qualit\u00e9 garantie.\",\"breadcrumb\":{\"@id\":\"https:\\\/\\\/vandijk-staircasesolutions.com\\\/fr\\\/notre-methode-de-travail\\\/steyl-assemblee\\\/#breadcrumb\"},\"inLanguage\":\"fr-FR\",\"potentialAction\":[{\"@type\":\"ReadAction\",\"target\":[\"https:\\\/\\\/vandijk-staircasesolutions.com\\\/fr\\\/notre-methode-de-travail\\\/steyl-assemblee\\\/\"]}]},{\"@type\":\"BreadcrumbList\",\"@id\":\"https:\\\/\\\/vandijk-staircasesolutions.com\\\/fr\\\/notre-methode-de-travail\\\/steyl-assemblee\\\/#breadcrumb\",\"itemListElement\":[{\"@type\":\"ListItem\",\"position\":1,\"name\":\"Home\",\"item\":\"https:\\\/\\\/vandijk-staircasesolutions.com\\\/fr\\\/\"},{\"@type\":\"ListItem\",\"position\":2,\"name\":\"Notre m\u00e9thode de travail\",\"item\":\"https:\\\/\\\/vandijk-staircasesolutions.com\\\/fr\\\/notre-methode-de-travail\\\/\"},{\"@type\":\"ListItem\",\"position\":3,\"name\":\"Steyl Montage\"}]},{\"@type\":\"WebSite\",\"@id\":\"https:\\\/\\\/vandijk-staircasesolutions.com\\\/fr\\\/#website\",\"url\":\"https:\\\/\\\/vandijk-staircasesolutions.com\\\/fr\\\/\",\"name\":\"Van Dijk\",\"description\":\"Staircase Solutions\",\"potentialAction\":[{\"@type\":\"SearchAction\",\"target\":{\"@type\":\"EntryPoint\",\"urlTemplate\":\"https:\\\/\\\/vandijk-staircasesolutions.com\\\/fr\\\/?s={search_term_string}\"},\"query-input\":{\"@type\":\"PropertyValueSpecification\",\"valueRequired\":true,\"valueName\":\"search_term_string\"}}],\"inLanguage\":\"fr-FR\"}]}<\/script>\n<!-- \/ Yoast SEO plugin. -->","yoast_head_json":{"title":"Steyl Montage - Van Dijk","description":"Avec Steyl Montage, vous \u00eates assur\u00e9 d'une installation d'escalier professionnelle, sans souci et avec une qualit\u00e9 garantie.","robots":{"index":"index","follow":"follow","max-snippet":"max-snippet:-1","max-image-preview":"max-image-preview:large","max-video-preview":"max-video-preview:-1"},"canonical":"https:\/\/vandijk-staircasesolutions.com\/fr\/notre-methode-de-travail\/steyl-assemblee\/","og_locale":"fr_FR","og_type":"article","og_title":"Steyl Montage - Van Dijk","og_description":"Avec Steyl Montage, vous \u00eates assur\u00e9 d'une installation d'escalier professionnelle, sans souci et avec une qualit\u00e9 garantie.","og_url":"https:\/\/vandijk-staircasesolutions.com\/fr\/notre-methode-de-travail\/steyl-assemblee\/","og_site_name":"Van Dijk","article_modified_time":"2025-03-21T13:15:00+00:00","twitter_card":"summary_large_image","schema":{"@context":"https:\/\/schema.org","@graph":[{"@type":"WebPage","@id":"https:\/\/vandijk-staircasesolutions.com\/fr\/notre-methode-de-travail\/steyl-assemblee\/","url":"https:\/\/vandijk-staircasesolutions.com\/fr\/notre-methode-de-travail\/steyl-assemblee\/","name":"Steyl Montage - Van Dijk","isPartOf":{"@id":"https:\/\/vandijk-staircasesolutions.com\/fr\/#website"},"datePublished":"2025-02-24T13:56:45+00:00","dateModified":"2025-03-21T13:15:00+00:00","description":"Avec Steyl Montage, vous \u00eates assur\u00e9 d'une installation d'escalier professionnelle, sans souci et avec une qualit\u00e9 garantie.","breadcrumb":{"@id":"https:\/\/vandijk-staircasesolutions.com\/fr\/notre-methode-de-travail\/steyl-assemblee\/#breadcrumb"},"inLanguage":"fr-FR","potentialAction":[{"@type":"ReadAction","target":["https:\/\/vandijk-staircasesolutions.com\/fr\/notre-methode-de-travail\/steyl-assemblee\/"]}]},{"@type":"BreadcrumbList","@id":"https:\/\/vandijk-staircasesolutions.com\/fr\/notre-methode-de-travail\/steyl-assemblee\/#breadcrumb","itemListElement":[{"@type":"ListItem","position":1,"name":"Home","item":"https:\/\/vandijk-staircasesolutions.com\/fr\/"},{"@type":"ListItem","position":2,"name":"Notre m\u00e9thode de travail","item":"https:\/\/vandijk-staircasesolutions.com\/fr\/notre-methode-de-travail\/"},{"@type":"ListItem","position":3,"name":"Steyl Montage"}]},{"@type":"WebSite","@id":"https:\/\/vandijk-staircasesolutions.com\/fr\/#website","url":"https:\/\/vandijk-staircasesolutions.com\/fr\/","name":"Van Dijk","description":"Staircase Solutions","potentialAction":[{"@type":"SearchAction","target":{"@type":"EntryPoint","urlTemplate":"https:\/\/vandijk-staircasesolutions.com\/fr\/?s={search_term_string}"},"query-input":{"@type":"PropertyValueSpecification","valueRequired":true,"valueName":"search_term_string"}}],"inLanguage":"fr-FR"}]}},"_links":{"self":[{"href":"https:\/\/vandijk-staircasesolutions.com\/fr\/wp-json\/wp\/v2\/pages\/3951","targetHints":{"allow":["GET"]}}],"collection":[{"href":"https:\/\/vandijk-staircasesolutions.com\/fr\/wp-json\/wp\/v2\/pages"}],"about":[{"href":"https:\/\/vandijk-staircasesolutions.com\/fr\/wp-json\/wp\/v2\/types\/page"}],"author":[{"embeddable":true,"href":"https:\/\/vandijk-staircasesolutions.com\/fr\/wp-json\/wp\/v2\/users\/3"}],"replies":[{"embeddable":true,"href":"https:\/\/vandijk-staircasesolutions.com\/fr\/wp-json\/wp\/v2\/comments?post=3951"}],"version-history":[{"count":4,"href":"https:\/\/vandijk-staircasesolutions.com\/fr\/wp-json\/wp\/v2\/pages\/3951\/revisions"}],"predecessor-version":[{"id":3955,"href":"https:\/\/vandijk-staircasesolutions.com\/fr\/wp-json\/wp\/v2\/pages\/3951\/revisions\/3955"}],"up":[{"embeddable":true,"href":"https:\/\/vandijk-staircasesolutions.com\/fr\/wp-json\/wp\/v2\/pages\/3943"}],"wp:attachment":[{"href":"https:\/\/vandijk-staircasesolutions.com\/fr\/wp-json\/wp\/v2\/media?parent=3951"}],"curies":[{"name":"wp","href":"https:\/\/api.w.org\/{rel}","templated":true}]}}