{"id":2609,"date":"2021-07-16T13:30:17","date_gmt":"2021-07-16T11:30:17","guid":{"rendered":"https:\/\/vandijk-staircasesolutions.com\/?page_id=2609"},"modified":"2024-11-18T16:50:10","modified_gmt":"2024-11-18T15:50:10","slug":"conditions-generales","status":"publish","type":"page","link":"https:\/\/vandijk-staircasesolutions.com\/fr\/conditions-generales\/","title":{"rendered":"Conditions Generales"},"content":{"rendered":"","protected":false},"excerpt":{"rendered":"","protected":false},"author":1,"featured_media":0,"parent":0,"menu_order":9000,"comment_status":"closed","ping_status":"closed","template":"","meta":{"_acf_changed":false,"footnotes":""},"class_list":["post-2609","page","type-page","status-publish"],"acf":[],"yoast_head":"<!-- This site is optimized with the Yoast SEO plugin v27.3 - https:\/\/yoast.com\/product\/yoast-seo-wordpress\/ -->\n<title>Conditions Generales - Van Dijk<\/title>\n<meta name=\"description\" content=\"La pr\u00e9sente d\u00e9claration de confidentialit\u00e9 contient des informations sur le traitement de vos donn\u00e9es \u00e0 caract\u00e8re personnel par le site web www.vandijk-staircasesolutions.com. Van Dijk Postforming &amp; Vlakverlijming B.V., aussi connu sous le nom de Van Dijk Staircase Solutions (ci-apr\u00e8s : &quot;Van Dijk&quot;) est le responsable du traitement.\" \/>\n<meta name=\"robots\" content=\"index, follow, max-snippet:-1, max-image-preview:large, max-video-preview:-1\" \/>\n<link rel=\"canonical\" href=\"https:\/\/vandijk-staircasesolutions.com\/fr\/conditions-generales\/\" \/>\n<meta property=\"og:locale\" content=\"fr_FR\" \/>\n<meta property=\"og:type\" content=\"article\" \/>\n<meta property=\"og:title\" content=\"Conditions Generales - Van Dijk\" \/>\n<meta property=\"og:description\" content=\"La pr\u00e9sente d\u00e9claration de confidentialit\u00e9 contient des informations sur le traitement de vos donn\u00e9es \u00e0 caract\u00e8re personnel par le site web www.vandijk-staircasesolutions.com. Van Dijk Postforming &amp; Vlakverlijming B.V., aussi connu sous le nom de Van Dijk Staircase Solutions (ci-apr\u00e8s : &quot;Van Dijk&quot;) est le responsable du traitement.\" \/>\n<meta property=\"og:url\" content=\"https:\/\/vandijk-staircasesolutions.com\/fr\/conditions-generales\/\" \/>\n<meta property=\"og:site_name\" content=\"Van Dijk\" \/>\n<meta property=\"article:modified_time\" content=\"2024-11-18T15:50:10+00:00\" \/>\n<meta name=\"twitter:card\" content=\"summary_large_image\" \/>\n<script type=\"application\/ld+json\" class=\"yoast-schema-graph\">{\"@context\":\"https:\\\/\\\/schema.org\",\"@graph\":[{\"@type\":\"WebPage\",\"@id\":\"https:\\\/\\\/vandijk-staircasesolutions.com\\\/fr\\\/conditions-generales\\\/\",\"url\":\"https:\\\/\\\/vandijk-staircasesolutions.com\\\/fr\\\/conditions-generales\\\/\",\"name\":\"Conditions Generales - Van Dijk\",\"isPartOf\":{\"@id\":\"https:\\\/\\\/vandijk-staircasesolutions.com\\\/fr\\\/#website\"},\"datePublished\":\"2021-07-16T11:30:17+00:00\",\"dateModified\":\"2024-11-18T15:50:10+00:00\",\"description\":\"La pr\u00e9sente d\u00e9claration de confidentialit\u00e9 contient des informations sur le traitement de vos donn\u00e9es \u00e0 caract\u00e8re personnel par le site web www.vandijk-staircasesolutions.com. Van Dijk Postforming & Vlakverlijming B.V., aussi connu sous le nom de Van Dijk Staircase Solutions (ci-apr\u00e8s : \\\"Van Dijk\\\") est le responsable du traitement.\",\"breadcrumb\":{\"@id\":\"https:\\\/\\\/vandijk-staircasesolutions.com\\\/fr\\\/conditions-generales\\\/#breadcrumb\"},\"inLanguage\":\"fr-FR\",\"potentialAction\":[{\"@type\":\"ReadAction\",\"target\":[\"https:\\\/\\\/vandijk-staircasesolutions.com\\\/fr\\\/conditions-generales\\\/\"]}]},{\"@type\":\"BreadcrumbList\",\"@id\":\"https:\\\/\\\/vandijk-staircasesolutions.com\\\/fr\\\/conditions-generales\\\/#breadcrumb\",\"itemListElement\":[{\"@type\":\"ListItem\",\"position\":1,\"name\":\"Home\",\"item\":\"https:\\\/\\\/vandijk-staircasesolutions.com\\\/fr\\\/\"},{\"@type\":\"ListItem\",\"position\":2,\"name\":\"Conditions Generales\"}]},{\"@type\":\"WebSite\",\"@id\":\"https:\\\/\\\/vandijk-staircasesolutions.com\\\/fr\\\/#website\",\"url\":\"https:\\\/\\\/vandijk-staircasesolutions.com\\\/fr\\\/\",\"name\":\"Van Dijk\",\"description\":\"Staircase Solutions\",\"potentialAction\":[{\"@type\":\"SearchAction\",\"target\":{\"@type\":\"EntryPoint\",\"urlTemplate\":\"https:\\\/\\\/vandijk-staircasesolutions.com\\\/fr\\\/?s={search_term_string}\"},\"query-input\":{\"@type\":\"PropertyValueSpecification\",\"valueRequired\":true,\"valueName\":\"search_term_string\"}}],\"inLanguage\":\"fr-FR\"}]}<\/script>\n<!-- \/ Yoast SEO plugin. -->","yoast_head_json":{"title":"Conditions Generales - Van Dijk","description":"La pr\u00e9sente d\u00e9claration de confidentialit\u00e9 contient des informations sur le traitement de vos donn\u00e9es \u00e0 caract\u00e8re personnel par le site web www.vandijk-staircasesolutions.com. Van Dijk Postforming & Vlakverlijming B.V., aussi connu sous le nom de Van Dijk Staircase Solutions (ci-apr\u00e8s : \"Van Dijk\") est le responsable du traitement.","robots":{"index":"index","follow":"follow","max-snippet":"max-snippet:-1","max-image-preview":"max-image-preview:large","max-video-preview":"max-video-preview:-1"},"canonical":"https:\/\/vandijk-staircasesolutions.com\/fr\/conditions-generales\/","og_locale":"fr_FR","og_type":"article","og_title":"Conditions Generales - Van Dijk","og_description":"La pr\u00e9sente d\u00e9claration de confidentialit\u00e9 contient des informations sur le traitement de vos donn\u00e9es \u00e0 caract\u00e8re personnel par le site web www.vandijk-staircasesolutions.com. Van Dijk Postforming & Vlakverlijming B.V., aussi connu sous le nom de Van Dijk Staircase Solutions (ci-apr\u00e8s : \"Van Dijk\") est le responsable du traitement.","og_url":"https:\/\/vandijk-staircasesolutions.com\/fr\/conditions-generales\/","og_site_name":"Van Dijk","article_modified_time":"2024-11-18T15:50:10+00:00","twitter_card":"summary_large_image","schema":{"@context":"https:\/\/schema.org","@graph":[{"@type":"WebPage","@id":"https:\/\/vandijk-staircasesolutions.com\/fr\/conditions-generales\/","url":"https:\/\/vandijk-staircasesolutions.com\/fr\/conditions-generales\/","name":"Conditions Generales - Van Dijk","isPartOf":{"@id":"https:\/\/vandijk-staircasesolutions.com\/fr\/#website"},"datePublished":"2021-07-16T11:30:17+00:00","dateModified":"2024-11-18T15:50:10+00:00","description":"La pr\u00e9sente d\u00e9claration de confidentialit\u00e9 contient des informations sur le traitement de vos donn\u00e9es \u00e0 caract\u00e8re personnel par le site web www.vandijk-staircasesolutions.com. Van Dijk Postforming & Vlakverlijming B.V., aussi connu sous le nom de Van Dijk Staircase Solutions (ci-apr\u00e8s : \"Van Dijk\") est le responsable du traitement.","breadcrumb":{"@id":"https:\/\/vandijk-staircasesolutions.com\/fr\/conditions-generales\/#breadcrumb"},"inLanguage":"fr-FR","potentialAction":[{"@type":"ReadAction","target":["https:\/\/vandijk-staircasesolutions.com\/fr\/conditions-generales\/"]}]},{"@type":"BreadcrumbList","@id":"https:\/\/vandijk-staircasesolutions.com\/fr\/conditions-generales\/#breadcrumb","itemListElement":[{"@type":"ListItem","position":1,"name":"Home","item":"https:\/\/vandijk-staircasesolutions.com\/fr\/"},{"@type":"ListItem","position":2,"name":"Conditions Generales"}]},{"@type":"WebSite","@id":"https:\/\/vandijk-staircasesolutions.com\/fr\/#website","url":"https:\/\/vandijk-staircasesolutions.com\/fr\/","name":"Van Dijk","description":"Staircase Solutions","potentialAction":[{"@type":"SearchAction","target":{"@type":"EntryPoint","urlTemplate":"https:\/\/vandijk-staircasesolutions.com\/fr\/?s={search_term_string}"},"query-input":{"@type":"PropertyValueSpecification","valueRequired":true,"valueName":"search_term_string"}}],"inLanguage":"fr-FR"}]}},"_links":{"self":[{"href":"https:\/\/vandijk-staircasesolutions.com\/fr\/wp-json\/wp\/v2\/pages\/2609","targetHints":{"allow":["GET"]}}],"collection":[{"href":"https:\/\/vandijk-staircasesolutions.com\/fr\/wp-json\/wp\/v2\/pages"}],"about":[{"href":"https:\/\/vandijk-staircasesolutions.com\/fr\/wp-json\/wp\/v2\/types\/page"}],"author":[{"embeddable":true,"href":"https:\/\/vandijk-staircasesolutions.com\/fr\/wp-json\/wp\/v2\/users\/1"}],"replies":[{"embeddable":true,"href":"https:\/\/vandijk-staircasesolutions.com\/fr\/wp-json\/wp\/v2\/comments?post=2609"}],"version-history":[{"count":5,"href":"https:\/\/vandijk-staircasesolutions.com\/fr\/wp-json\/wp\/v2\/pages\/2609\/revisions"}],"predecessor-version":[{"id":2635,"href":"https:\/\/vandijk-staircasesolutions.com\/fr\/wp-json\/wp\/v2\/pages\/2609\/revisions\/2635"}],"wp:attachment":[{"href":"https:\/\/vandijk-staircasesolutions.com\/fr\/wp-json\/wp\/v2\/media?parent=2609"}],"curies":[{"name":"wp","href":"https:\/\/api.w.org\/{rel}","templated":true}]}}