{"id":2074,"date":"2023-03-23T09:00:35","date_gmt":"2023-03-23T08:00:35","guid":{"rendered":"https:\/\/vandijk-staircasesolutions.com\/?page_id=2074"},"modified":"2023-04-12T07:14:57","modified_gmt":"2023-04-12T05:14:57","slug":"extension-de-lequipe-commerciale","status":"publish","type":"page","link":"https:\/\/vandijk-staircasesolutions.com\/fr\/extension-de-lequipe-commerciale\/","title":{"rendered":"Extension de l&#8217;\u00e9quipe commerciale"},"content":{"rendered":"","protected":false},"excerpt":{"rendered":"","protected":false},"author":3,"featured_media":2120,"parent":0,"menu_order":900,"comment_status":"closed","ping_status":"closed","template":"","meta":{"_acf_changed":false,"footnotes":""},"class_list":["post-2074","page","type-page","status-publish","has-post-thumbnail"],"acf":[],"yoast_head":"<!-- This site is optimized with the Yoast SEO plugin v27.3 - https:\/\/yoast.com\/product\/yoast-seo-wordpress\/ -->\n<title>Extension de l&#039;\u00e9quipe commerciale - Van Dijk<\/title>\n<meta name=\"description\" content=\"L&#039;\u00e9quipe commerciale de Van Dijk s&#039;agrandit avec Arjan Baten (31) \u00e0 partir du 1er avril. Arjan commencera en tant que key account manager.\" \/>\n<meta name=\"robots\" content=\"index, follow, max-snippet:-1, max-image-preview:large, max-video-preview:-1\" \/>\n<link rel=\"canonical\" href=\"https:\/\/vandijk-staircasesolutions.com\/fr\/extension-de-lequipe-commerciale\/\" \/>\n<meta property=\"og:locale\" content=\"fr_FR\" \/>\n<meta property=\"og:type\" content=\"article\" \/>\n<meta property=\"og:title\" content=\"Extension de l&#039;\u00e9quipe commerciale - Van Dijk\" \/>\n<meta property=\"og:description\" content=\"L&#039;\u00e9quipe commerciale de Van Dijk s&#039;agrandit avec Arjan Baten (31) \u00e0 partir du 1er avril. Arjan commencera en tant que key account manager.\" \/>\n<meta property=\"og:url\" content=\"https:\/\/vandijk-staircasesolutions.com\/fr\/extension-de-lequipe-commerciale\/\" \/>\n<meta property=\"og:site_name\" content=\"Van Dijk\" \/>\n<meta property=\"article:modified_time\" content=\"2023-04-12T05:14:57+00:00\" \/>\n<meta property=\"og:image\" content=\"https:\/\/vandijk-staircasesolutions.com\/wp-content\/uploads\/2023\/04\/uitbreiding-team-Van-Dijk-Arjen-Baten.jpg\" \/>\n\t<meta property=\"og:image:width\" content=\"600\" \/>\n\t<meta property=\"og:image:height\" content=\"400\" \/>\n\t<meta property=\"og:image:type\" content=\"image\/jpeg\" \/>\n<meta name=\"twitter:card\" content=\"summary_large_image\" \/>\n<script type=\"application\/ld+json\" class=\"yoast-schema-graph\">{\"@context\":\"https:\\\/\\\/schema.org\",\"@graph\":[{\"@type\":\"WebPage\",\"@id\":\"https:\\\/\\\/vandijk-staircasesolutions.com\\\/fr\\\/extension-de-lequipe-commerciale\\\/\",\"url\":\"https:\\\/\\\/vandijk-staircasesolutions.com\\\/fr\\\/extension-de-lequipe-commerciale\\\/\",\"name\":\"Extension de l'\u00e9quipe commerciale - Van Dijk\",\"isPartOf\":{\"@id\":\"https:\\\/\\\/vandijk-staircasesolutions.com\\\/fr\\\/#website\"},\"primaryImageOfPage\":{\"@id\":\"https:\\\/\\\/vandijk-staircasesolutions.com\\\/fr\\\/extension-de-lequipe-commerciale\\\/#primaryimage\"},\"image\":{\"@id\":\"https:\\\/\\\/vandijk-staircasesolutions.com\\\/fr\\\/extension-de-lequipe-commerciale\\\/#primaryimage\"},\"thumbnailUrl\":\"https:\\\/\\\/vandijk-staircasesolutions.com\\\/wp-content\\\/uploads\\\/2023\\\/04\\\/uitbreiding-team-Van-Dijk-Arjen-Baten.jpg\",\"datePublished\":\"2023-03-23T08:00:35+00:00\",\"dateModified\":\"2023-04-12T05:14:57+00:00\",\"description\":\"L'\u00e9quipe commerciale de Van Dijk s'agrandit avec Arjan Baten (31) \u00e0 partir du 1er avril. Arjan commencera en tant que key account manager.\",\"breadcrumb\":{\"@id\":\"https:\\\/\\\/vandijk-staircasesolutions.com\\\/fr\\\/extension-de-lequipe-commerciale\\\/#breadcrumb\"},\"inLanguage\":\"fr-FR\",\"potentialAction\":[{\"@type\":\"ReadAction\",\"target\":[\"https:\\\/\\\/vandijk-staircasesolutions.com\\\/fr\\\/extension-de-lequipe-commerciale\\\/\"]}]},{\"@type\":\"ImageObject\",\"inLanguage\":\"fr-FR\",\"@id\":\"https:\\\/\\\/vandijk-staircasesolutions.com\\\/fr\\\/extension-de-lequipe-commerciale\\\/#primaryimage\",\"url\":\"https:\\\/\\\/vandijk-staircasesolutions.com\\\/wp-content\\\/uploads\\\/2023\\\/04\\\/uitbreiding-team-Van-Dijk-Arjen-Baten.jpg\",\"contentUrl\":\"https:\\\/\\\/vandijk-staircasesolutions.com\\\/wp-content\\\/uploads\\\/2023\\\/04\\\/uitbreiding-team-Van-Dijk-Arjen-Baten.jpg\",\"width\":600,\"height\":400},{\"@type\":\"BreadcrumbList\",\"@id\":\"https:\\\/\\\/vandijk-staircasesolutions.com\\\/fr\\\/extension-de-lequipe-commerciale\\\/#breadcrumb\",\"itemListElement\":[{\"@type\":\"ListItem\",\"position\":1,\"name\":\"Home\",\"item\":\"https:\\\/\\\/vandijk-staircasesolutions.com\\\/fr\\\/\"},{\"@type\":\"ListItem\",\"position\":2,\"name\":\"Extension de l&#8217;\u00e9quipe commerciale\"}]},{\"@type\":\"WebSite\",\"@id\":\"https:\\\/\\\/vandijk-staircasesolutions.com\\\/fr\\\/#website\",\"url\":\"https:\\\/\\\/vandijk-staircasesolutions.com\\\/fr\\\/\",\"name\":\"Van Dijk\",\"description\":\"Staircase Solutions\",\"potentialAction\":[{\"@type\":\"SearchAction\",\"target\":{\"@type\":\"EntryPoint\",\"urlTemplate\":\"https:\\\/\\\/vandijk-staircasesolutions.com\\\/fr\\\/?s={search_term_string}\"},\"query-input\":{\"@type\":\"PropertyValueSpecification\",\"valueRequired\":true,\"valueName\":\"search_term_string\"}}],\"inLanguage\":\"fr-FR\"}]}<\/script>\n<!-- \/ Yoast SEO plugin. -->","yoast_head_json":{"title":"Extension de l'\u00e9quipe commerciale - Van Dijk","description":"L'\u00e9quipe commerciale de Van Dijk s'agrandit avec Arjan Baten (31) \u00e0 partir du 1er avril. Arjan commencera en tant que key account manager.","robots":{"index":"index","follow":"follow","max-snippet":"max-snippet:-1","max-image-preview":"max-image-preview:large","max-video-preview":"max-video-preview:-1"},"canonical":"https:\/\/vandijk-staircasesolutions.com\/fr\/extension-de-lequipe-commerciale\/","og_locale":"fr_FR","og_type":"article","og_title":"Extension de l'\u00e9quipe commerciale - Van Dijk","og_description":"L'\u00e9quipe commerciale de Van Dijk s'agrandit avec Arjan Baten (31) \u00e0 partir du 1er avril. Arjan commencera en tant que key account manager.","og_url":"https:\/\/vandijk-staircasesolutions.com\/fr\/extension-de-lequipe-commerciale\/","og_site_name":"Van Dijk","article_modified_time":"2023-04-12T05:14:57+00:00","og_image":[{"width":600,"height":400,"url":"https:\/\/vandijk-staircasesolutions.com\/wp-content\/uploads\/2023\/04\/uitbreiding-team-Van-Dijk-Arjen-Baten.jpg","type":"image\/jpeg"}],"twitter_card":"summary_large_image","schema":{"@context":"https:\/\/schema.org","@graph":[{"@type":"WebPage","@id":"https:\/\/vandijk-staircasesolutions.com\/fr\/extension-de-lequipe-commerciale\/","url":"https:\/\/vandijk-staircasesolutions.com\/fr\/extension-de-lequipe-commerciale\/","name":"Extension de l'\u00e9quipe commerciale - Van Dijk","isPartOf":{"@id":"https:\/\/vandijk-staircasesolutions.com\/fr\/#website"},"primaryImageOfPage":{"@id":"https:\/\/vandijk-staircasesolutions.com\/fr\/extension-de-lequipe-commerciale\/#primaryimage"},"image":{"@id":"https:\/\/vandijk-staircasesolutions.com\/fr\/extension-de-lequipe-commerciale\/#primaryimage"},"thumbnailUrl":"https:\/\/vandijk-staircasesolutions.com\/wp-content\/uploads\/2023\/04\/uitbreiding-team-Van-Dijk-Arjen-Baten.jpg","datePublished":"2023-03-23T08:00:35+00:00","dateModified":"2023-04-12T05:14:57+00:00","description":"L'\u00e9quipe commerciale de Van Dijk s'agrandit avec Arjan Baten (31) \u00e0 partir du 1er avril. Arjan commencera en tant que key account manager.","breadcrumb":{"@id":"https:\/\/vandijk-staircasesolutions.com\/fr\/extension-de-lequipe-commerciale\/#breadcrumb"},"inLanguage":"fr-FR","potentialAction":[{"@type":"ReadAction","target":["https:\/\/vandijk-staircasesolutions.com\/fr\/extension-de-lequipe-commerciale\/"]}]},{"@type":"ImageObject","inLanguage":"fr-FR","@id":"https:\/\/vandijk-staircasesolutions.com\/fr\/extension-de-lequipe-commerciale\/#primaryimage","url":"https:\/\/vandijk-staircasesolutions.com\/wp-content\/uploads\/2023\/04\/uitbreiding-team-Van-Dijk-Arjen-Baten.jpg","contentUrl":"https:\/\/vandijk-staircasesolutions.com\/wp-content\/uploads\/2023\/04\/uitbreiding-team-Van-Dijk-Arjen-Baten.jpg","width":600,"height":400},{"@type":"BreadcrumbList","@id":"https:\/\/vandijk-staircasesolutions.com\/fr\/extension-de-lequipe-commerciale\/#breadcrumb","itemListElement":[{"@type":"ListItem","position":1,"name":"Home","item":"https:\/\/vandijk-staircasesolutions.com\/fr\/"},{"@type":"ListItem","position":2,"name":"Extension de l&#8217;\u00e9quipe commerciale"}]},{"@type":"WebSite","@id":"https:\/\/vandijk-staircasesolutions.com\/fr\/#website","url":"https:\/\/vandijk-staircasesolutions.com\/fr\/","name":"Van Dijk","description":"Staircase Solutions","potentialAction":[{"@type":"SearchAction","target":{"@type":"EntryPoint","urlTemplate":"https:\/\/vandijk-staircasesolutions.com\/fr\/?s={search_term_string}"},"query-input":{"@type":"PropertyValueSpecification","valueRequired":true,"valueName":"search_term_string"}}],"inLanguage":"fr-FR"}]}},"_links":{"self":[{"href":"https:\/\/vandijk-staircasesolutions.com\/fr\/wp-json\/wp\/v2\/pages\/2074","targetHints":{"allow":["GET"]}}],"collection":[{"href":"https:\/\/vandijk-staircasesolutions.com\/fr\/wp-json\/wp\/v2\/pages"}],"about":[{"href":"https:\/\/vandijk-staircasesolutions.com\/fr\/wp-json\/wp\/v2\/types\/page"}],"author":[{"embeddable":true,"href":"https:\/\/vandijk-staircasesolutions.com\/fr\/wp-json\/wp\/v2\/users\/3"}],"replies":[{"embeddable":true,"href":"https:\/\/vandijk-staircasesolutions.com\/fr\/wp-json\/wp\/v2\/comments?post=2074"}],"version-history":[{"count":2,"href":"https:\/\/vandijk-staircasesolutions.com\/fr\/wp-json\/wp\/v2\/pages\/2074\/revisions"}],"predecessor-version":[{"id":2150,"href":"https:\/\/vandijk-staircasesolutions.com\/fr\/wp-json\/wp\/v2\/pages\/2074\/revisions\/2150"}],"wp:featuredmedia":[{"embeddable":true,"href":"https:\/\/vandijk-staircasesolutions.com\/fr\/wp-json\/wp\/v2\/media\/2120"}],"wp:attachment":[{"href":"https:\/\/vandijk-staircasesolutions.com\/fr\/wp-json\/wp\/v2\/media?parent=2074"}],"curies":[{"name":"wp","href":"https:\/\/api.w.org\/{rel}","templated":true}]}}