{"id":1452,"date":"2021-07-23T13:23:35","date_gmt":"2021-07-23T11:23:35","guid":{"rendered":"https:\/\/vandijk-staircasesolutions.com\/nieuwe-naam-en-huisstijl\/"},"modified":"2021-11-01T20:21:26","modified_gmt":"2021-11-01T19:21:26","slug":"nouvelles-denomination-et-identite-dentreprise","status":"publish","type":"page","link":"https:\/\/vandijk-staircasesolutions.com\/fr\/nouvelles-denomination-et-identite-dentreprise\/","title":{"rendered":"Nouvelles d\u00e9nomination et identit\u00e9 d\u2019entreprise"},"content":{"rendered":"","protected":false},"excerpt":{"rendered":"","protected":false},"author":3,"featured_media":0,"parent":0,"menu_order":900,"comment_status":"closed","ping_status":"closed","template":"","meta":{"_acf_changed":false,"footnotes":""},"class_list":["post-1452","page","type-page","status-publish"],"acf":[],"yoast_head":"<!-- This site is optimized with the Yoast SEO plugin v27.5 - https:\/\/yoast.com\/product\/yoast-seo-wordpress\/ -->\n<title>Nouvelles d\u00e9nomination et identit\u00e9 d\u2019entreprise - Van Dijk<\/title>\n<meta name=\"description\" content=\"Van Dijk Postforming &amp; Flat Gluing a r\u00e9cemment \u00e9t\u00e9 renomm\u00e9 Van Dijk Staircase Solutions. Lisez la suite pour savoir pourquoi ce changement de nom a \u00e9t\u00e9 choisi.\" \/>\n<meta name=\"robots\" content=\"index, follow, max-snippet:-1, max-image-preview:large, max-video-preview:-1\" \/>\n<link rel=\"canonical\" href=\"https:\/\/vandijk-staircasesolutions.com\/fr\/nouvelles-denomination-et-identite-dentreprise\/\" \/>\n<meta property=\"og:locale\" content=\"fr_FR\" \/>\n<meta property=\"og:type\" content=\"article\" \/>\n<meta property=\"og:title\" content=\"Nouvelles d\u00e9nomination et identit\u00e9 d\u2019entreprise - Van Dijk\" \/>\n<meta property=\"og:description\" content=\"Van Dijk Postforming &amp; Flat Gluing a r\u00e9cemment \u00e9t\u00e9 renomm\u00e9 Van Dijk Staircase Solutions. Lisez la suite pour savoir pourquoi ce changement de nom a \u00e9t\u00e9 choisi.\" \/>\n<meta property=\"og:url\" content=\"https:\/\/vandijk-staircasesolutions.com\/fr\/nouvelles-denomination-et-identite-dentreprise\/\" \/>\n<meta property=\"og:site_name\" content=\"Van Dijk\" \/>\n<meta property=\"article:modified_time\" content=\"2021-11-01T19:21:26+00:00\" \/>\n<meta name=\"twitter:card\" content=\"summary_large_image\" \/>\n<script type=\"application\/ld+json\" class=\"yoast-schema-graph\">{\"@context\":\"https:\\\/\\\/schema.org\",\"@graph\":[{\"@type\":\"WebPage\",\"@id\":\"https:\\\/\\\/vandijk-staircasesolutions.com\\\/fr\\\/nouvelles-denomination-et-identite-dentreprise\\\/\",\"url\":\"https:\\\/\\\/vandijk-staircasesolutions.com\\\/fr\\\/nouvelles-denomination-et-identite-dentreprise\\\/\",\"name\":\"Nouvelles d\u00e9nomination et identit\u00e9 d\u2019entreprise - Van Dijk\",\"isPartOf\":{\"@id\":\"https:\\\/\\\/vandijk-staircasesolutions.com\\\/fr\\\/#website\"},\"datePublished\":\"2021-07-23T11:23:35+00:00\",\"dateModified\":\"2021-11-01T19:21:26+00:00\",\"description\":\"Van Dijk Postforming & Flat Gluing a r\u00e9cemment \u00e9t\u00e9 renomm\u00e9 Van Dijk Staircase Solutions. Lisez la suite pour savoir pourquoi ce changement de nom a \u00e9t\u00e9 choisi.\",\"breadcrumb\":{\"@id\":\"https:\\\/\\\/vandijk-staircasesolutions.com\\\/fr\\\/nouvelles-denomination-et-identite-dentreprise\\\/#breadcrumb\"},\"inLanguage\":\"fr-FR\",\"potentialAction\":[{\"@type\":\"ReadAction\",\"target\":[\"https:\\\/\\\/vandijk-staircasesolutions.com\\\/fr\\\/nouvelles-denomination-et-identite-dentreprise\\\/\"]}]},{\"@type\":\"BreadcrumbList\",\"@id\":\"https:\\\/\\\/vandijk-staircasesolutions.com\\\/fr\\\/nouvelles-denomination-et-identite-dentreprise\\\/#breadcrumb\",\"itemListElement\":[{\"@type\":\"ListItem\",\"position\":1,\"name\":\"Home\",\"item\":\"https:\\\/\\\/vandijk-staircasesolutions.com\\\/fr\\\/\"},{\"@type\":\"ListItem\",\"position\":2,\"name\":\"Nouvelles d\u00e9nomination et identit\u00e9 d\u2019entreprise\"}]},{\"@type\":\"WebSite\",\"@id\":\"https:\\\/\\\/vandijk-staircasesolutions.com\\\/fr\\\/#website\",\"url\":\"https:\\\/\\\/vandijk-staircasesolutions.com\\\/fr\\\/\",\"name\":\"Van Dijk\",\"description\":\"Staircase Solutions\",\"potentialAction\":[{\"@type\":\"SearchAction\",\"target\":{\"@type\":\"EntryPoint\",\"urlTemplate\":\"https:\\\/\\\/vandijk-staircasesolutions.com\\\/fr\\\/?s={search_term_string}\"},\"query-input\":{\"@type\":\"PropertyValueSpecification\",\"valueRequired\":true,\"valueName\":\"search_term_string\"}}],\"inLanguage\":\"fr-FR\"}]}<\/script>\n<!-- \/ Yoast SEO plugin. -->","yoast_head_json":{"title":"Nouvelles d\u00e9nomination et identit\u00e9 d\u2019entreprise - Van Dijk","description":"Van Dijk Postforming & Flat Gluing a r\u00e9cemment \u00e9t\u00e9 renomm\u00e9 Van Dijk Staircase Solutions. Lisez la suite pour savoir pourquoi ce changement de nom a \u00e9t\u00e9 choisi.","robots":{"index":"index","follow":"follow","max-snippet":"max-snippet:-1","max-image-preview":"max-image-preview:large","max-video-preview":"max-video-preview:-1"},"canonical":"https:\/\/vandijk-staircasesolutions.com\/fr\/nouvelles-denomination-et-identite-dentreprise\/","og_locale":"fr_FR","og_type":"article","og_title":"Nouvelles d\u00e9nomination et identit\u00e9 d\u2019entreprise - Van Dijk","og_description":"Van Dijk Postforming & Flat Gluing a r\u00e9cemment \u00e9t\u00e9 renomm\u00e9 Van Dijk Staircase Solutions. Lisez la suite pour savoir pourquoi ce changement de nom a \u00e9t\u00e9 choisi.","og_url":"https:\/\/vandijk-staircasesolutions.com\/fr\/nouvelles-denomination-et-identite-dentreprise\/","og_site_name":"Van Dijk","article_modified_time":"2021-11-01T19:21:26+00:00","twitter_card":"summary_large_image","schema":{"@context":"https:\/\/schema.org","@graph":[{"@type":"WebPage","@id":"https:\/\/vandijk-staircasesolutions.com\/fr\/nouvelles-denomination-et-identite-dentreprise\/","url":"https:\/\/vandijk-staircasesolutions.com\/fr\/nouvelles-denomination-et-identite-dentreprise\/","name":"Nouvelles d\u00e9nomination et identit\u00e9 d\u2019entreprise - Van Dijk","isPartOf":{"@id":"https:\/\/vandijk-staircasesolutions.com\/fr\/#website"},"datePublished":"2021-07-23T11:23:35+00:00","dateModified":"2021-11-01T19:21:26+00:00","description":"Van Dijk Postforming & Flat Gluing a r\u00e9cemment \u00e9t\u00e9 renomm\u00e9 Van Dijk Staircase Solutions. Lisez la suite pour savoir pourquoi ce changement de nom a \u00e9t\u00e9 choisi.","breadcrumb":{"@id":"https:\/\/vandijk-staircasesolutions.com\/fr\/nouvelles-denomination-et-identite-dentreprise\/#breadcrumb"},"inLanguage":"fr-FR","potentialAction":[{"@type":"ReadAction","target":["https:\/\/vandijk-staircasesolutions.com\/fr\/nouvelles-denomination-et-identite-dentreprise\/"]}]},{"@type":"BreadcrumbList","@id":"https:\/\/vandijk-staircasesolutions.com\/fr\/nouvelles-denomination-et-identite-dentreprise\/#breadcrumb","itemListElement":[{"@type":"ListItem","position":1,"name":"Home","item":"https:\/\/vandijk-staircasesolutions.com\/fr\/"},{"@type":"ListItem","position":2,"name":"Nouvelles d\u00e9nomination et identit\u00e9 d\u2019entreprise"}]},{"@type":"WebSite","@id":"https:\/\/vandijk-staircasesolutions.com\/fr\/#website","url":"https:\/\/vandijk-staircasesolutions.com\/fr\/","name":"Van Dijk","description":"Staircase Solutions","potentialAction":[{"@type":"SearchAction","target":{"@type":"EntryPoint","urlTemplate":"https:\/\/vandijk-staircasesolutions.com\/fr\/?s={search_term_string}"},"query-input":{"@type":"PropertyValueSpecification","valueRequired":true,"valueName":"search_term_string"}}],"inLanguage":"fr-FR"}]}},"_links":{"self":[{"href":"https:\/\/vandijk-staircasesolutions.com\/fr\/wp-json\/wp\/v2\/pages\/1452","targetHints":{"allow":["GET"]}}],"collection":[{"href":"https:\/\/vandijk-staircasesolutions.com\/fr\/wp-json\/wp\/v2\/pages"}],"about":[{"href":"https:\/\/vandijk-staircasesolutions.com\/fr\/wp-json\/wp\/v2\/types\/page"}],"author":[{"embeddable":true,"href":"https:\/\/vandijk-staircasesolutions.com\/fr\/wp-json\/wp\/v2\/users\/3"}],"replies":[{"embeddable":true,"href":"https:\/\/vandijk-staircasesolutions.com\/fr\/wp-json\/wp\/v2\/comments?post=1452"}],"version-history":[{"count":1,"href":"https:\/\/vandijk-staircasesolutions.com\/fr\/wp-json\/wp\/v2\/pages\/1452\/revisions"}],"predecessor-version":[{"id":1454,"href":"https:\/\/vandijk-staircasesolutions.com\/fr\/wp-json\/wp\/v2\/pages\/1452\/revisions\/1454"}],"wp:attachment":[{"href":"https:\/\/vandijk-staircasesolutions.com\/fr\/wp-json\/wp\/v2\/media?parent=1452"}],"curies":[{"name":"wp","href":"https:\/\/api.w.org\/{rel}","templated":true}]}}