{"id":4008,"date":"2025-02-20T21:41:51","date_gmt":"2025-02-20T20:41:51","guid":{"rendered":"https:\/\/vandijk-staircasesolutions.com\/kollektionen\/private-label\/"},"modified":"2025-03-21T16:03:51","modified_gmt":"2025-03-21T15:03:51","slug":"eigenmarke","status":"publish","type":"page","link":"https:\/\/vandijk-staircasesolutions.com\/de\/kollektionen\/eigenmarke\/","title":{"rendered":"Eigenmarke"},"content":{"rendered":"","protected":false},"excerpt":{"rendered":"","protected":false},"author":3,"featured_media":0,"parent":3995,"menu_order":0,"comment_status":"closed","ping_status":"closed","template":"","meta":{"_acf_changed":false,"footnotes":""},"class_list":["post-4008","page","type-page","status-publish"],"acf":[],"yoast_head":"<!-- This site is optimized with the Yoast SEO plugin v27.3 - https:\/\/yoast.com\/product\/yoast-seo-wordpress\/ -->\n<title>Eigenmarke - Van Dijk<\/title>\n<meta name=\"description\" content=\"Stairs2Go ist unser benutzerfreundliches Do-it-yourself-System, mit dem Sie eine grundlegende Treppenrenovierung kosteng\u00fcnstig durchf\u00fchren k\u00f6nnen.\" \/>\n<meta name=\"robots\" content=\"index, follow, max-snippet:-1, max-image-preview:large, max-video-preview:-1\" \/>\n<link rel=\"canonical\" href=\"https:\/\/vandijk-staircasesolutions.com\/de\/kollektionen\/eigenmarke\/\" \/>\n<meta property=\"og:locale\" content=\"de_DE\" \/>\n<meta property=\"og:type\" content=\"article\" \/>\n<meta property=\"og:title\" content=\"Eigenmarke - Van Dijk\" \/>\n<meta property=\"og:description\" content=\"Stairs2Go ist unser benutzerfreundliches Do-it-yourself-System, mit dem Sie eine grundlegende Treppenrenovierung kosteng\u00fcnstig durchf\u00fchren k\u00f6nnen.\" \/>\n<meta property=\"og:url\" content=\"https:\/\/vandijk-staircasesolutions.com\/de\/kollektionen\/eigenmarke\/\" \/>\n<meta property=\"og:site_name\" content=\"Van Dijk\" \/>\n<meta property=\"article:modified_time\" content=\"2025-03-21T15:03:51+00:00\" \/>\n<meta name=\"twitter:card\" content=\"summary_large_image\" \/>\n<script type=\"application\/ld+json\" class=\"yoast-schema-graph\">{\"@context\":\"https:\\\/\\\/schema.org\",\"@graph\":[{\"@type\":\"WebPage\",\"@id\":\"https:\\\/\\\/vandijk-staircasesolutions.com\\\/de\\\/kollektionen\\\/eigenmarke\\\/\",\"url\":\"https:\\\/\\\/vandijk-staircasesolutions.com\\\/de\\\/kollektionen\\\/eigenmarke\\\/\",\"name\":\"Eigenmarke - Van Dijk\",\"isPartOf\":{\"@id\":\"https:\\\/\\\/vandijk-staircasesolutions.com\\\/de\\\/#website\"},\"datePublished\":\"2025-02-20T20:41:51+00:00\",\"dateModified\":\"2025-03-21T15:03:51+00:00\",\"description\":\"Stairs2Go ist unser benutzerfreundliches Do-it-yourself-System, mit dem Sie eine grundlegende Treppenrenovierung kosteng\u00fcnstig durchf\u00fchren k\u00f6nnen.\",\"breadcrumb\":{\"@id\":\"https:\\\/\\\/vandijk-staircasesolutions.com\\\/de\\\/kollektionen\\\/eigenmarke\\\/#breadcrumb\"},\"inLanguage\":\"de\",\"potentialAction\":[{\"@type\":\"ReadAction\",\"target\":[\"https:\\\/\\\/vandijk-staircasesolutions.com\\\/de\\\/kollektionen\\\/eigenmarke\\\/\"]}]},{\"@type\":\"BreadcrumbList\",\"@id\":\"https:\\\/\\\/vandijk-staircasesolutions.com\\\/de\\\/kollektionen\\\/eigenmarke\\\/#breadcrumb\",\"itemListElement\":[{\"@type\":\"ListItem\",\"position\":1,\"name\":\"Home\",\"item\":\"https:\\\/\\\/vandijk-staircasesolutions.com\\\/de\\\/\"},{\"@type\":\"ListItem\",\"position\":2,\"name\":\"Kollektionen\",\"item\":\"https:\\\/\\\/vandijk-staircasesolutions.com\\\/de\\\/kollektionen\\\/\"},{\"@type\":\"ListItem\",\"position\":3,\"name\":\"Eigenmarke\"}]},{\"@type\":\"WebSite\",\"@id\":\"https:\\\/\\\/vandijk-staircasesolutions.com\\\/de\\\/#website\",\"url\":\"https:\\\/\\\/vandijk-staircasesolutions.com\\\/de\\\/\",\"name\":\"Van Dijk\",\"description\":\"Staircase Solutions\",\"potentialAction\":[{\"@type\":\"SearchAction\",\"target\":{\"@type\":\"EntryPoint\",\"urlTemplate\":\"https:\\\/\\\/vandijk-staircasesolutions.com\\\/de\\\/?s={search_term_string}\"},\"query-input\":{\"@type\":\"PropertyValueSpecification\",\"valueRequired\":true,\"valueName\":\"search_term_string\"}}],\"inLanguage\":\"de\"}]}<\/script>\n<!-- \/ Yoast SEO plugin. -->","yoast_head_json":{"title":"Eigenmarke - Van Dijk","description":"Stairs2Go ist unser benutzerfreundliches Do-it-yourself-System, mit dem Sie eine grundlegende Treppenrenovierung kosteng\u00fcnstig durchf\u00fchren k\u00f6nnen.","robots":{"index":"index","follow":"follow","max-snippet":"max-snippet:-1","max-image-preview":"max-image-preview:large","max-video-preview":"max-video-preview:-1"},"canonical":"https:\/\/vandijk-staircasesolutions.com\/de\/kollektionen\/eigenmarke\/","og_locale":"de_DE","og_type":"article","og_title":"Eigenmarke - Van Dijk","og_description":"Stairs2Go ist unser benutzerfreundliches Do-it-yourself-System, mit dem Sie eine grundlegende Treppenrenovierung kosteng\u00fcnstig durchf\u00fchren k\u00f6nnen.","og_url":"https:\/\/vandijk-staircasesolutions.com\/de\/kollektionen\/eigenmarke\/","og_site_name":"Van Dijk","article_modified_time":"2025-03-21T15:03:51+00:00","twitter_card":"summary_large_image","schema":{"@context":"https:\/\/schema.org","@graph":[{"@type":"WebPage","@id":"https:\/\/vandijk-staircasesolutions.com\/de\/kollektionen\/eigenmarke\/","url":"https:\/\/vandijk-staircasesolutions.com\/de\/kollektionen\/eigenmarke\/","name":"Eigenmarke - Van Dijk","isPartOf":{"@id":"https:\/\/vandijk-staircasesolutions.com\/de\/#website"},"datePublished":"2025-02-20T20:41:51+00:00","dateModified":"2025-03-21T15:03:51+00:00","description":"Stairs2Go ist unser benutzerfreundliches Do-it-yourself-System, mit dem Sie eine grundlegende Treppenrenovierung kosteng\u00fcnstig durchf\u00fchren k\u00f6nnen.","breadcrumb":{"@id":"https:\/\/vandijk-staircasesolutions.com\/de\/kollektionen\/eigenmarke\/#breadcrumb"},"inLanguage":"de","potentialAction":[{"@type":"ReadAction","target":["https:\/\/vandijk-staircasesolutions.com\/de\/kollektionen\/eigenmarke\/"]}]},{"@type":"BreadcrumbList","@id":"https:\/\/vandijk-staircasesolutions.com\/de\/kollektionen\/eigenmarke\/#breadcrumb","itemListElement":[{"@type":"ListItem","position":1,"name":"Home","item":"https:\/\/vandijk-staircasesolutions.com\/de\/"},{"@type":"ListItem","position":2,"name":"Kollektionen","item":"https:\/\/vandijk-staircasesolutions.com\/de\/kollektionen\/"},{"@type":"ListItem","position":3,"name":"Eigenmarke"}]},{"@type":"WebSite","@id":"https:\/\/vandijk-staircasesolutions.com\/de\/#website","url":"https:\/\/vandijk-staircasesolutions.com\/de\/","name":"Van Dijk","description":"Staircase Solutions","potentialAction":[{"@type":"SearchAction","target":{"@type":"EntryPoint","urlTemplate":"https:\/\/vandijk-staircasesolutions.com\/de\/?s={search_term_string}"},"query-input":{"@type":"PropertyValueSpecification","valueRequired":true,"valueName":"search_term_string"}}],"inLanguage":"de"}]}},"_links":{"self":[{"href":"https:\/\/vandijk-staircasesolutions.com\/de\/wp-json\/wp\/v2\/pages\/4008","targetHints":{"allow":["GET"]}}],"collection":[{"href":"https:\/\/vandijk-staircasesolutions.com\/de\/wp-json\/wp\/v2\/pages"}],"about":[{"href":"https:\/\/vandijk-staircasesolutions.com\/de\/wp-json\/wp\/v2\/types\/page"}],"author":[{"embeddable":true,"href":"https:\/\/vandijk-staircasesolutions.com\/de\/wp-json\/wp\/v2\/users\/3"}],"replies":[{"embeddable":true,"href":"https:\/\/vandijk-staircasesolutions.com\/de\/wp-json\/wp\/v2\/comments?post=4008"}],"version-history":[{"count":1,"href":"https:\/\/vandijk-staircasesolutions.com\/de\/wp-json\/wp\/v2\/pages\/4008\/revisions"}],"predecessor-version":[{"id":4009,"href":"https:\/\/vandijk-staircasesolutions.com\/de\/wp-json\/wp\/v2\/pages\/4008\/revisions\/4009"}],"up":[{"embeddable":true,"href":"https:\/\/vandijk-staircasesolutions.com\/de\/wp-json\/wp\/v2\/pages\/3995"}],"wp:attachment":[{"href":"https:\/\/vandijk-staircasesolutions.com\/de\/wp-json\/wp\/v2\/media?parent=4008"}],"curies":[{"name":"wp","href":"https:\/\/api.w.org\/{rel}","templated":true}]}}